{"id":954,"date":"2018-11-09T19:02:49","date_gmt":"2018-11-09T18:02:49","guid":{"rendered":"http:\/\/upf.hr\/en\/?page_id=954"},"modified":"2021-03-03T10:01:20","modified_gmt":"2021-03-03T09:01:20","slug":"organizing-committee","status":"publish","type":"page","link":"http:\/\/upf.hr\/en\/zaec-2021\/organizing-committee\/","title":{"rendered":"Organizing committee"},"content":{"rendered":"<p><span style=\"font-size: 14pt;\"><strong>Matej Su\u0161nik<\/strong>, President (Institute of Philosophy, Zagreb)<\/span><\/p>\n<p><span style=\"font-size: 14pt;\"><strong>Karolina Kudlek<\/strong>, Secretary (Institute of Philosophy, Zagreb)<\/span><\/p>\n<p><span style=\"font-size: 14pt;\"><strong>Tomislav Bracanovi\u0107<\/strong> (Institute of Philosophy, Zagreb)<\/span><\/p>\n<p><span style=\"font-size: 14pt;\"><strong>Ana Grgi\u0107<\/strong> (Institute of Philosophy, Zagreb)<\/span><\/p>\n<p><span style=\"font-size: 14pt;\"><strong>Tvrtko Joli\u0107<\/strong> (Institute of Philosophy, Zagreb)<\/span><\/p>\n<p><span style=\"font-size: 14pt;\"><strong>Marko Jurjako<\/strong> (University of Rijeka)<\/span><\/p>\n<p><span style=\"font-size: 14pt;\"><strong>Friderik Klampfer<\/strong> (University of Maribor)<\/span><\/p>\n<p><span style=\"font-size: 14pt;\"><strong>Riccardo Maria Spotorno<\/strong> (University of Pavia)<\/span><\/p>\n","protected":false},"excerpt":{"rendered":"<p>Matej Su\u0161nik, President (Institute of Philosophy, Zagreb) Karolina Kudlek, Secretary (Institute of Philosophy, Zagreb) Tomislav Bracanovi\u0107 (Institute of Philosophy, Zagreb) Ana Grgi\u0107 (Institute of Philosophy, Zagreb) Tvrtko Joli\u0107 (Institute of Philosophy, Zagreb) Marko Jurjako (University of Rijeka) Friderik Klampfer (University of Maribor) &hellip;<\/p>\n","protected":false},"author":5,"featured_media":0,"parent":932,"menu_order":10,"comment_status":"closed","ping_status":"closed","template":"page-template-congress.php","meta":{"_acf_changed":false,"footnotes":""},"class_list":["post-954","page","type-page","status-publish","hentry"],"acf":[],"yoast_head":"<!-- This site is optimized with the Yoast SEO plugin v27.2 - https:\/\/yoast.com\/product\/yoast-seo-wordpress\/ -->\n<title>Organizing committee - UPF<\/title>\n<meta name=\"description\" content=\"Matej Su\u0161nik, President (Institute of Philosophy, Zagreb) Karolina Kudlek, Secretary (Institute of Philosophy, Zagreb) Tomislav Bracanovi\u0107 (Institute of\" \/>\n<meta name=\"robots\" content=\"index, follow, max-snippet:-1, max-image-preview:large, max-video-preview:-1\" \/>\n<link rel=\"canonical\" href=\"http:\/\/upf.hr\/en\/zaec-2021\/organizing-committee\/\" \/>\n<meta property=\"og:locale\" content=\"en_GB\" \/>\n<meta property=\"og:type\" content=\"article\" \/>\n<meta property=\"og:title\" content=\"Organizing committee - UPF\" \/>\n<meta property=\"og:description\" content=\"Matej Su\u0161nik, President (Institute of Philosophy, Zagreb) Karolina Kudlek, Secretary (Institute of Philosophy, Zagreb) Tomislav Bracanovi\u0107 (Institute of\" \/>\n<meta property=\"og:url\" content=\"http:\/\/upf.hr\/en\/zaec-2021\/organizing-committee\/\" \/>\n<meta property=\"og:site_name\" content=\"UPF\" \/>\n<meta property=\"article:modified_time\" content=\"2021-03-03T09:01:20+00:00\" \/>\n<meta name=\"twitter:card\" content=\"summary_large_image\" \/>\n<meta name=\"twitter:label1\" content=\"Estimated reading time\" \/>\n\t<meta name=\"twitter:data1\" content=\"1 minute\" \/>\n<script type=\"application\/ld+json\" class=\"yoast-schema-graph\">{\"@context\":\"https:\/\/schema.org\",\"@graph\":[{\"@type\":\"WebPage\",\"@id\":\"http:\/\/upf.hr\/en\/zaec-2021\/organizing-committee\/\",\"url\":\"http:\/\/upf.hr\/en\/zaec-2021\/organizing-committee\/\",\"name\":\"Organizing committee - UPF\",\"isPartOf\":{\"@id\":\"https:\/\/upf.hr\/en\/#website\"},\"datePublished\":\"2018-11-09T18:02:49+00:00\",\"dateModified\":\"2021-03-03T09:01:20+00:00\",\"description\":\"Matej Su\u0161nik, President (Institute of Philosophy, Zagreb) Karolina Kudlek, Secretary (Institute of Philosophy, Zagreb) Tomislav Bracanovi\u0107 (Institute of\",\"breadcrumb\":{\"@id\":\"http:\/\/upf.hr\/en\/zaec-2021\/organizing-committee\/#breadcrumb\"},\"inLanguage\":\"en-GB\",\"potentialAction\":[{\"@type\":\"ReadAction\",\"target\":[\"http:\/\/upf.hr\/en\/zaec-2021\/organizing-committee\/\"]}]},{\"@type\":\"BreadcrumbList\",\"@id\":\"http:\/\/upf.hr\/en\/zaec-2021\/organizing-committee\/#breadcrumb\",\"itemListElement\":[{\"@type\":\"ListItem\",\"position\":1,\"name\":\"Home\",\"item\":\"https:\/\/upf.hr\/en\/\"},{\"@type\":\"ListItem\",\"position\":2,\"name\":\"ZAEC 2021\",\"item\":\"http:\/\/upf.hr\/en\/zaec-2021\/\"},{\"@type\":\"ListItem\",\"position\":3,\"name\":\"Organizing committee\"}]},{\"@type\":\"WebSite\",\"@id\":\"https:\/\/upf.hr\/en\/#website\",\"url\":\"https:\/\/upf.hr\/en\/\",\"name\":\"UPF\",\"description\":\"Society for the Advancement of Philosophy\",\"potentialAction\":[{\"@type\":\"SearchAction\",\"target\":{\"@type\":\"EntryPoint\",\"urlTemplate\":\"https:\/\/upf.hr\/en\/?s={search_term_string}\"},\"query-input\":{\"@type\":\"PropertyValueSpecification\",\"valueRequired\":true,\"valueName\":\"search_term_string\"}}],\"inLanguage\":\"en-GB\"}]}<\/script>\n<!-- \/ Yoast SEO plugin. -->","yoast_head_json":{"title":"Organizing committee - UPF","description":"Matej Su\u0161nik, President (Institute of Philosophy, Zagreb) Karolina Kudlek, Secretary (Institute of Philosophy, Zagreb) Tomislav Bracanovi\u0107 (Institute of","robots":{"index":"index","follow":"follow","max-snippet":"max-snippet:-1","max-image-preview":"max-image-preview:large","max-video-preview":"max-video-preview:-1"},"canonical":"http:\/\/upf.hr\/en\/zaec-2021\/organizing-committee\/","og_locale":"en_GB","og_type":"article","og_title":"Organizing committee - UPF","og_description":"Matej Su\u0161nik, President (Institute of Philosophy, Zagreb) Karolina Kudlek, Secretary (Institute of Philosophy, Zagreb) Tomislav Bracanovi\u0107 (Institute of","og_url":"http:\/\/upf.hr\/en\/zaec-2021\/organizing-committee\/","og_site_name":"UPF","article_modified_time":"2021-03-03T09:01:20+00:00","twitter_card":"summary_large_image","twitter_misc":{"Estimated reading time":"1 minute"},"schema":{"@context":"https:\/\/schema.org","@graph":[{"@type":"WebPage","@id":"http:\/\/upf.hr\/en\/zaec-2021\/organizing-committee\/","url":"http:\/\/upf.hr\/en\/zaec-2021\/organizing-committee\/","name":"Organizing committee - UPF","isPartOf":{"@id":"https:\/\/upf.hr\/en\/#website"},"datePublished":"2018-11-09T18:02:49+00:00","dateModified":"2021-03-03T09:01:20+00:00","description":"Matej Su\u0161nik, President (Institute of Philosophy, Zagreb) Karolina Kudlek, Secretary (Institute of Philosophy, Zagreb) Tomislav Bracanovi\u0107 (Institute of","breadcrumb":{"@id":"http:\/\/upf.hr\/en\/zaec-2021\/organizing-committee\/#breadcrumb"},"inLanguage":"en-GB","potentialAction":[{"@type":"ReadAction","target":["http:\/\/upf.hr\/en\/zaec-2021\/organizing-committee\/"]}]},{"@type":"BreadcrumbList","@id":"http:\/\/upf.hr\/en\/zaec-2021\/organizing-committee\/#breadcrumb","itemListElement":[{"@type":"ListItem","position":1,"name":"Home","item":"https:\/\/upf.hr\/en\/"},{"@type":"ListItem","position":2,"name":"ZAEC 2021","item":"http:\/\/upf.hr\/en\/zaec-2021\/"},{"@type":"ListItem","position":3,"name":"Organizing committee"}]},{"@type":"WebSite","@id":"https:\/\/upf.hr\/en\/#website","url":"https:\/\/upf.hr\/en\/","name":"UPF","description":"Society for the Advancement of Philosophy","potentialAction":[{"@type":"SearchAction","target":{"@type":"EntryPoint","urlTemplate":"https:\/\/upf.hr\/en\/?s={search_term_string}"},"query-input":{"@type":"PropertyValueSpecification","valueRequired":true,"valueName":"search_term_string"}}],"inLanguage":"en-GB"}]}},"_links":{"self":[{"href":"http:\/\/upf.hr\/en\/wp-json\/wp\/v2\/pages\/954","targetHints":{"allow":["GET"]}}],"collection":[{"href":"http:\/\/upf.hr\/en\/wp-json\/wp\/v2\/pages"}],"about":[{"href":"http:\/\/upf.hr\/en\/wp-json\/wp\/v2\/types\/page"}],"author":[{"embeddable":true,"href":"http:\/\/upf.hr\/en\/wp-json\/wp\/v2\/users\/5"}],"replies":[{"embeddable":true,"href":"http:\/\/upf.hr\/en\/wp-json\/wp\/v2\/comments?post=954"}],"version-history":[{"count":5,"href":"http:\/\/upf.hr\/en\/wp-json\/wp\/v2\/pages\/954\/revisions"}],"predecessor-version":[{"id":1080,"href":"http:\/\/upf.hr\/en\/wp-json\/wp\/v2\/pages\/954\/revisions\/1080"}],"up":[{"embeddable":true,"href":"http:\/\/upf.hr\/en\/wp-json\/wp\/v2\/pages\/932"}],"wp:attachment":[{"href":"http:\/\/upf.hr\/en\/wp-json\/wp\/v2\/media?parent=954"}],"curies":[{"name":"wp","href":"https:\/\/api.w.org\/{rel}","templated":true}]}}