{"id":769,"date":"2017-02-06T09:48:25","date_gmt":"2017-02-06T08:48:25","guid":{"rendered":"http:\/\/upf.hr\/en\/?page_id=769"},"modified":"2017-02-08T11:46:41","modified_gmt":"2017-02-08T10:46:41","slug":"organizing-committee","status":"publish","type":"page","link":"http:\/\/upf.hr\/en\/zaec-2017\/organizing-committee\/","title":{"rendered":"Organizing committee"},"content":{"rendered":"<p style=\"text-align: left;\"><a href=\"https:\/\/www.hrstud.unizg.hr\/staff\/\/tomislav.bracanovic\" target=\"_blank\">Tomislav Bracanovi\u0107<\/a>, <em>president<\/em> (University of Zagreb)<br \/>\n<a href=\"https:\/\/www.hrstud.unizg.hr\/staff\/\/tomislav.janovic\" target=\"_blank\">Tomislav Janovi\u0107 <\/a>(University of Zagreb)<br \/>\n<a href=\"http:\/\/www.sjever.fsb.hr\/prof_jerbic\/index_en.htm\" target=\"_blank\">Bojan Jerbi\u0107<\/a> (University of Zagreb)<br \/>\n<a href=\"http:\/\/www.ifzg.hr\/jolicTvrtkoZivotopisEng.htm\" target=\"_blank\">Tvrtko Joli\u0107<\/a> (Institute of Philosophy, Zagreb)<br \/>\n<a href=\"http:\/\/www.ifzg.hr\/kutlesaStipeZivotopis.htm\" target=\"_blank\">Stipe Kutle\u0161a<\/a> (Institute of Philosophy, Zagreb)<br \/>\n<a href=\"http:\/\/upf.hr\/en\/wp-content\/uploads\/2016\/08\/cv-lukic-hr-1.pdf\" target=\"_blank\">Mihovil Luki\u0107<\/a>, <em>secretary<\/em> (Society for the Advancement of Philosophy, Zagreb)<br \/>\n<a href=\"http:\/\/www.ifzg.hr\/pecnjakDavorZivotopis.htm\" target=\"_blank\">Davor Pe\u0107njak<\/a> (Institute of Philosophy, Zagreb)<\/p>\n<hr \/>\n<p>&nbsp;<\/p>\n","protected":false},"excerpt":{"rendered":"<p>Tomislav Bracanovi\u0107, president (University of Zagreb) Tomislav Janovi\u0107 (University of Zagreb) Bojan Jerbi\u0107 (University of Zagreb) Tvrtko Joli\u0107 (Institute of Philosophy, Zagreb) Stipe Kutle\u0161a (Institute of Philosophy, Zagreb) Mihovil Luki\u0107, secretary (Society for the Advancement of Philosophy, Zagreb) Davor Pe\u0107njak (Institute of &hellip;<\/p>\n","protected":false},"author":3,"featured_media":0,"parent":738,"menu_order":8,"comment_status":"closed","ping_status":"closed","template":"page-template-congress.php","meta":{"_acf_changed":false,"footnotes":""},"class_list":["post-769","page","type-page","status-publish","hentry"],"acf":[],"yoast_head":"<!-- This site is optimized with the Yoast SEO plugin v27.2 - https:\/\/yoast.com\/product\/yoast-seo-wordpress\/ -->\n<title>Organizing committee - UPF<\/title>\n<meta name=\"description\" content=\"Tomislav Bracanovi\u0107, president (University of Zagreb) Tomislav Janovi\u0107 (University of Zagreb) Bojan Jerbi\u0107 (University of Zagreb) Tvrtko Joli\u0107 (Institute\" \/>\n<meta name=\"robots\" content=\"index, follow, max-snippet:-1, max-image-preview:large, max-video-preview:-1\" \/>\n<link rel=\"canonical\" href=\"http:\/\/upf.hr\/en\/zaec-2017\/organizing-committee\/\" \/>\n<meta property=\"og:locale\" content=\"en_GB\" \/>\n<meta property=\"og:type\" content=\"article\" \/>\n<meta property=\"og:title\" content=\"Organizing committee - UPF\" \/>\n<meta property=\"og:description\" content=\"Tomislav Bracanovi\u0107, president (University of Zagreb) Tomislav Janovi\u0107 (University of Zagreb) Bojan Jerbi\u0107 (University of Zagreb) Tvrtko Joli\u0107 (Institute\" \/>\n<meta property=\"og:url\" content=\"http:\/\/upf.hr\/en\/zaec-2017\/organizing-committee\/\" \/>\n<meta property=\"og:site_name\" content=\"UPF\" \/>\n<meta property=\"article:modified_time\" content=\"2017-02-08T10:46:41+00:00\" \/>\n<meta name=\"twitter:card\" content=\"summary_large_image\" \/>\n<script type=\"application\/ld+json\" class=\"yoast-schema-graph\">{\"@context\":\"https:\/\/schema.org\",\"@graph\":[{\"@type\":\"WebPage\",\"@id\":\"http:\/\/upf.hr\/en\/zaec-2017\/organizing-committee\/\",\"url\":\"http:\/\/upf.hr\/en\/zaec-2017\/organizing-committee\/\",\"name\":\"Organizing committee - UPF\",\"isPartOf\":{\"@id\":\"http:\/\/upf.hr\/en\/#website\"},\"datePublished\":\"2017-02-06T08:48:25+00:00\",\"dateModified\":\"2017-02-08T10:46:41+00:00\",\"description\":\"Tomislav Bracanovi\u0107, president (University of Zagreb) Tomislav Janovi\u0107 (University of Zagreb) Bojan Jerbi\u0107 (University of Zagreb) Tvrtko Joli\u0107 (Institute\",\"breadcrumb\":{\"@id\":\"http:\/\/upf.hr\/en\/zaec-2017\/organizing-committee\/#breadcrumb\"},\"inLanguage\":\"en-GB\",\"potentialAction\":[{\"@type\":\"ReadAction\",\"target\":[\"http:\/\/upf.hr\/en\/zaec-2017\/organizing-committee\/\"]}]},{\"@type\":\"BreadcrumbList\",\"@id\":\"http:\/\/upf.hr\/en\/zaec-2017\/organizing-committee\/#breadcrumb\",\"itemListElement\":[{\"@type\":\"ListItem\",\"position\":1,\"name\":\"Home\",\"item\":\"http:\/\/upf.hr\/en\/\"},{\"@type\":\"ListItem\",\"position\":2,\"name\":\"ZAEC 2017\",\"item\":\"https:\/\/upf.hr\/en\/zaec-2017\/\"},{\"@type\":\"ListItem\",\"position\":3,\"name\":\"Organizing committee\"}]},{\"@type\":\"WebSite\",\"@id\":\"http:\/\/upf.hr\/en\/#website\",\"url\":\"http:\/\/upf.hr\/en\/\",\"name\":\"UPF\",\"description\":\"Society for the Advancement of Philosophy\",\"potentialAction\":[{\"@type\":\"SearchAction\",\"target\":{\"@type\":\"EntryPoint\",\"urlTemplate\":\"http:\/\/upf.hr\/en\/?s={search_term_string}\"},\"query-input\":{\"@type\":\"PropertyValueSpecification\",\"valueRequired\":true,\"valueName\":\"search_term_string\"}}],\"inLanguage\":\"en-GB\"}]}<\/script>\n<!-- \/ Yoast SEO plugin. -->","yoast_head_json":{"title":"Organizing committee - UPF","description":"Tomislav Bracanovi\u0107, president (University of Zagreb) Tomislav Janovi\u0107 (University of Zagreb) Bojan Jerbi\u0107 (University of Zagreb) Tvrtko Joli\u0107 (Institute","robots":{"index":"index","follow":"follow","max-snippet":"max-snippet:-1","max-image-preview":"max-image-preview:large","max-video-preview":"max-video-preview:-1"},"canonical":"http:\/\/upf.hr\/en\/zaec-2017\/organizing-committee\/","og_locale":"en_GB","og_type":"article","og_title":"Organizing committee - UPF","og_description":"Tomislav Bracanovi\u0107, president (University of Zagreb) Tomislav Janovi\u0107 (University of Zagreb) Bojan Jerbi\u0107 (University of Zagreb) Tvrtko Joli\u0107 (Institute","og_url":"http:\/\/upf.hr\/en\/zaec-2017\/organizing-committee\/","og_site_name":"UPF","article_modified_time":"2017-02-08T10:46:41+00:00","twitter_card":"summary_large_image","schema":{"@context":"https:\/\/schema.org","@graph":[{"@type":"WebPage","@id":"http:\/\/upf.hr\/en\/zaec-2017\/organizing-committee\/","url":"http:\/\/upf.hr\/en\/zaec-2017\/organizing-committee\/","name":"Organizing committee - UPF","isPartOf":{"@id":"http:\/\/upf.hr\/en\/#website"},"datePublished":"2017-02-06T08:48:25+00:00","dateModified":"2017-02-08T10:46:41+00:00","description":"Tomislav Bracanovi\u0107, president (University of Zagreb) Tomislav Janovi\u0107 (University of Zagreb) Bojan Jerbi\u0107 (University of Zagreb) Tvrtko Joli\u0107 (Institute","breadcrumb":{"@id":"http:\/\/upf.hr\/en\/zaec-2017\/organizing-committee\/#breadcrumb"},"inLanguage":"en-GB","potentialAction":[{"@type":"ReadAction","target":["http:\/\/upf.hr\/en\/zaec-2017\/organizing-committee\/"]}]},{"@type":"BreadcrumbList","@id":"http:\/\/upf.hr\/en\/zaec-2017\/organizing-committee\/#breadcrumb","itemListElement":[{"@type":"ListItem","position":1,"name":"Home","item":"http:\/\/upf.hr\/en\/"},{"@type":"ListItem","position":2,"name":"ZAEC 2017","item":"https:\/\/upf.hr\/en\/zaec-2017\/"},{"@type":"ListItem","position":3,"name":"Organizing committee"}]},{"@type":"WebSite","@id":"http:\/\/upf.hr\/en\/#website","url":"http:\/\/upf.hr\/en\/","name":"UPF","description":"Society for the Advancement of Philosophy","potentialAction":[{"@type":"SearchAction","target":{"@type":"EntryPoint","urlTemplate":"http:\/\/upf.hr\/en\/?s={search_term_string}"},"query-input":{"@type":"PropertyValueSpecification","valueRequired":true,"valueName":"search_term_string"}}],"inLanguage":"en-GB"}]}},"_links":{"self":[{"href":"http:\/\/upf.hr\/en\/wp-json\/wp\/v2\/pages\/769","targetHints":{"allow":["GET"]}}],"collection":[{"href":"http:\/\/upf.hr\/en\/wp-json\/wp\/v2\/pages"}],"about":[{"href":"http:\/\/upf.hr\/en\/wp-json\/wp\/v2\/types\/page"}],"author":[{"embeddable":true,"href":"http:\/\/upf.hr\/en\/wp-json\/wp\/v2\/users\/3"}],"replies":[{"embeddable":true,"href":"http:\/\/upf.hr\/en\/wp-json\/wp\/v2\/comments?post=769"}],"version-history":[{"count":5,"href":"http:\/\/upf.hr\/en\/wp-json\/wp\/v2\/pages\/769\/revisions"}],"predecessor-version":[{"id":839,"href":"http:\/\/upf.hr\/en\/wp-json\/wp\/v2\/pages\/769\/revisions\/839"}],"up":[{"embeddable":true,"href":"http:\/\/upf.hr\/en\/wp-json\/wp\/v2\/pages\/738"}],"wp:attachment":[{"href":"http:\/\/upf.hr\/en\/wp-json\/wp\/v2\/media?parent=769"}],"curies":[{"name":"wp","href":"https:\/\/api.w.org\/{rel}","templated":true}]}}