{"id":198,"date":"2016-08-14T17:16:40","date_gmt":"2016-08-14T15:16:40","guid":{"rendered":"http:\/\/upf.wink.hr\/?page_id=198"},"modified":"2016-12-08T10:45:09","modified_gmt":"2016-12-08T09:45:09","slug":"lectures","status":"publish","type":"page","link":"http:\/\/upf.hr\/en\/activities\/lectures\/","title":{"rendered":"Lectures"},"content":{"rendered":"<ul>\n<li>5. 6. 2015. Jo\u0161ko \u017dani\u0107 (Sveu\u010dili\u0161te u Zadru), &#8220;Kognitivni sadr\u017eaj vlastitih imena&#8221;\u00a0[u suradnji s Hrvatskim studijima Sveu\u010dili\u0161ta u Zagrebu].<\/li>\n<\/ul>\n<ul>\n<li>14. 5. 2015. Mariagrazia Portera (Centre for Advanced Studies \u2013 South Eastern Europe, Sveu\u010dili\u0161te u Rijeci), &#8220;Peacock\u2019s tails and birds of paradise: the \u201csense of beauty\u201d from Darwin to contemporary Evolutionary Aesthetics&#8221;\u00a0[u suradnji s Hrvatskim studijima Sveu\u010dili\u0161ta u Zagrebu].<\/li>\n<\/ul>\n<ul>\n<li>23. 10 2014. Edo Piv\u010devi\u0107 (Sveu\u010dili\u0161te u Bristolu)\u00a0\u201cDobrovoljna eutanazija\u201d [u suradnji s Odjelom za filozofiju Matice Hrvatske i Hrvatskim kulturnim dru\u0161tvom Napredak].<\/li>\n<\/ul>\n<ul>\n<li>11. 4. 2014.\u00a0Werner Callebaut (KLI Institut i Sveu\u010dili\u0161te u Be\u010du), &#8220;Philosophy of Biology and the Challenge of EvoDevo&#8221; [u suradnji s Hrvatskim studijima Sveu\u010dili\u0161ta u Zagrebu].<\/li>\n<\/ul>\n<ul>\n<li>8. 4. 2014. Alojz \u0106ubeli\u0107 (Katoli\u010dki bogoslovni fakultet Sveu\u010dili\u0161ta u Zagrebu),\u00a0\u201cFilozofija slu\u0161kinja teologije? \u2013 sv. Toma Akvinski i Boecije Dacijski\u201d [u suradnji s Institutom za filozofiju, Zagreb].<\/li>\n<\/ul>\n<ul>\n<li style=\"text-align: justify;\">16. 12. 2013. Klaus Corcilius (University of California \u2013 Berkeley), \u201cAristotle on Basic Perceptual Discrimination\u201d [in cooperation with University of Zagreb \u2013 Center for Croatian Studies].<\/li>\n<\/ul>\n<ul style=\"text-align: justify;\">\n<li>22. 05. 2012. Marta Ujvari (University of\u00a0 Corvinus, Budapest), \u201cIndividual Essence: gibt es solche?\u201d [in cooperation with University of Zagreb \u2013 Center for Croatian Studies].<\/li>\n<\/ul>\n<ul style=\"text-align: justify;\">\n<li>21. 05. 2012. Jean-Baptiste Gourinat (University of Paris-Sorbonne), \u201cWhat Philosophy for Marcus Aurelius?\u201d [in cooperation with University of Zagreb \u2013 Center for Croatian Studies].<\/li>\n<\/ul>\n<ul style=\"text-align: justify;\">\n<li>24. 11. 2011. Orly Lewis (Humboldt-Universit\u00e4t Berlin), \u201cPhilosophy in the Service of Medicine \u2013 the case of Aristotle and Praxagoras\u201d [in cooperation with University of Zagreb \u2013 Center for Croatian Studies].<\/li>\n<\/ul>\n<ul style=\"text-align: justify;\">\n<li><span style=\"font-size: small;\">15. 11. 2011. Lukas Meyer (Karl-Franzens-Universit\u00e4t Graz), \u201cTime Dimensions in the Climate Justice Debate\u201d [in cooperation with University of Zagreb \u2013 Center for Croatian Studies].<\/span><\/li>\n<\/ul>\n<ul style=\"text-align: justify;\">\n<li style=\"text-align: justify;\">17. 05. 2010. Christian Pfeiffer (Humboldt-Universit\u00e4t Berlin, Germany), \u201cContinuity and Contact: On Aristotle\u2019s Physics V.3.\u201d [in cooperation with University of Zagreb \u2013 Center for Croatian Studies].<\/li>\n<\/ul>\n<ul style=\"text-align: justify;\">\n<li style=\"text-align: justify;\">06. 05. 2010. Thomas Pink (King\u2019s College London, United Kingdom), \u201cLiberty, Law and Normativity\u201d [in cooperation with University of Zagreb \u2013 Center for Croatian Studies].<\/li>\n<\/ul>\n<ul style=\"text-align: justify;\">\n<li style=\"text-align: justify;\">13. 06. 2008. Neven Sesardi\u0107 (Lingan University, Hong Kong, China), \u201cU obranu logike \u2018inteligentnog dizajna&#8217;\u201d [in cooperation with University of Zagreb \u2013 Center for Croatian Studies].<\/li>\n<\/ul>\n<ul style=\"text-align: justify;\">\n<li style=\"text-align: justify;\">20. 02. 2008. Luca Malatesti (University of Hull, UK), \u201cPhenomenal Ways of Thinking\u201d [in cooperation with University of Zagreb \u2013 Center for Croatian Studies].<\/li>\n<\/ul>\n<ul style=\"text-align: justify;\">\n<li style=\"text-align: justify;\">07. 12. 2007. Andreas Arndt (Berlin-Brandenburgische Akademie der Wissenschaften, Germany),\u201dZur Dialektik der Ph\u00e4nomenologie des Geistes\u201d [in cooperation with the Hegel Society \u2013 Zadar, Croatia].<\/li>\n<\/ul>\n<ul style=\"text-align: justify;\">\n<li style=\"text-align: justify;\">29. 10. 2007. Olav Wiegand (Johannes Gutenberg Universit\u00e4t Mainz, Germany), \u201cMerological Semantics: Motivation and Application\u201d [in cooperation with University of Zagreb \u2013 Center for Croatian Studies].<\/li>\n<\/ul>\n<ul style=\"text-align: justify;\">\n<li style=\"text-align: justify;\">10. 04. 2007. Luca Malatesti (University of Hull, UK), \u201cPsychopathy and Moral Understanding: Deflating the Role of Philosophy\u201d [in cooperation with University of Zagreb \u2013 Center for Croatian Studies].<\/li>\n<\/ul>\n<ul style=\"text-align: justify;\">\n<li style=\"text-align: justify;\">13. 02. 2007. Tim Crane (University College London, UK), \u201cOn the Content and Object of Experiences\u201d [in cooperation with University of Zagreb \u2013 Center for Croatian Studies].<\/li>\n<\/ul>\n<ul style=\"text-align: justify;\">\n<li style=\"text-align: justify;\">12. 02. 2007. Katlin Farkas (Central European University, Budapest, Hungary), \u201cDreams and Hallucinations\u201d [in cooperation with University of Zagreb \u2013 Center for Croatian Studies].<\/li>\n<\/ul>\n<ul style=\"text-align: justify;\">\n<li style=\"text-align: justify;\">25. 01. 2007. Howard Robinson (Central European University, Budapest, Hungary), \u201cArguing for Idealism\u201d [in cooperation with University of Zagreb \u2013 Center for Croatian Studies].<\/li>\n<\/ul>\n<ul style=\"text-align: justify;\">\n<li style=\"text-align: justify;\">10. 05. 2006. Elvio Baccarini (University of Rijeka, Croatia), \u201cJavni um, evolucijska etika i moralni status\u201d.<\/li>\n<\/ul>\n<ul style=\"text-align: justify;\">\n<li style=\"text-align: justify;\">11. 04. 2006. Derek Matravers (Cambridge University \/ Open University, United Kingdom), \u201cMorality and Value\u201d [in cooperation with University of Zagreb \u2013 Center for Croatian Studies].<\/li>\n<\/ul>\n<ul style=\"text-align: justify;\">\n<li style=\"text-align: justify;\">17. 03. 2006. Ferenc Huoranszki (CEU, Budapest, Hungary), \u201cThe Conditional Analysis of Free Will\u201d [in cooperation with University of Zagreb \u2013 Center for Croatian Studies].<\/li>\n<\/ul>\n<ul style=\"text-align: justify;\">\n<li style=\"text-align: justify;\">03. 06. 2005. Klemens Kappel (University of Copenhagen, Denmark), \u201cContextualism and the Paradox of Knowing What Someone Else Knows\u201d [in cooperation with University of Zagreb \u2013 Center for Croatian Studies].<\/li>\n<\/ul>\n<ul style=\"text-align: justify;\">\n<li style=\"text-align: justify;\">02. 06. 2005. Klemens Kappel (University of Copenhagen, Denmark), \u201cThe Meta-justification of Reflective Equilibrium\u201d [in cooperation with University of Zagreb \u2013 Center for Croatian Studies].<\/li>\n<\/ul>\n<ul style=\"text-align: justify;\">\n<li style=\"text-align: justify;\">15. 11. 2004. David Davies (McGill University, Canada), \u201cContextualism and the Artistic Relevance of Artistic Acts\u201d [in cooperation with University of Zagreb \u2013 Center for Croatian Studies].<\/li>\n<\/ul>\n<ul style=\"text-align: justify;\">\n<li style=\"text-align: justify;\">25. 11. 2003. T. M. Robinson (University of Toronto, Canada), \u201cPresocratics and Aristotle\u201d [in cooperation with University of Zagreb \u2013 Center for Croatian Studies].<\/li>\n<\/ul>\n<ul style=\"text-align: justify;\">\n<li style=\"text-align: justify;\">07. 04. 2003. Burkhard Tuschling (Philipps-Universit\u00e4t Marburg, Germany), \u201cDas gr\u00f6\u00dfte Problem f\u00fcr die Menschengattung: Erreichung die einer allgemein das Recht verwaltenden b\u00fcrgerlichen Gesellschaft [Immanuel Kant]\u201d [in cooperation with the Faculty of Political Sciences \u2013 University of Zagreb and the Section for Philosophy of Matrix Croatica].<\/li>\n<\/ul>\n<ul style=\"text-align: justify;\">\n<li style=\"text-align: justify;\">03. 02. 2003. Elvio Baccarini, \u201cKoherentizam i moralna percepcija\u201d [in cooperation with University of Zagreb \u2013 Center for Croatian Studies].<\/li>\n<\/ul>\n<ul style=\"text-align: justify;\">\n<li style=\"text-align: justify;\">03. 05. 2002. Evanghelos Moutsopoulos, \u201cPlato on Music\u201d [in cooperation with the Croatian Composers\u2019 Society].<\/li>\n<\/ul>\n<ul>\n<li style=\"text-align: justify;\">30. 04. 2002. Evanghelos Moutsopoulos, \u201cRipening and Decay: Kairos as Concept\u201d [in cooperation with University of Zagreb \u2013 Center for Croatian Studies].<\/li>\n<\/ul>\n","protected":false},"excerpt":{"rendered":"<p>5. 6. 2015. Jo\u0161ko \u017dani\u0107 (Sveu\u010dili\u0161te u Zadru), &#8220;Kognitivni sadr\u017eaj vlastitih imena&#8221;\u00a0[u suradnji s Hrvatskim studijima Sveu\u010dili\u0161ta u Zagrebu]. 14. 5. 2015. Mariagrazia Portera (Centre for Advanced Studies \u2013 South Eastern Europe, Sveu\u010dili\u0161te u Rijeci), &#8220;Peacock\u2019s tails and birds of paradise: the &hellip;<\/p>\n","protected":false},"author":1,"featured_media":0,"parent":205,"menu_order":0,"comment_status":"closed","ping_status":"closed","template":"","meta":{"_acf_changed":false,"footnotes":""},"class_list":["post-198","page","type-page","status-publish","hentry"],"acf":[],"yoast_head":"<!-- This site is optimized with the Yoast SEO plugin v27.2 - https:\/\/yoast.com\/product\/yoast-seo-wordpress\/ -->\n<title>Lectures - UPF<\/title>\n<meta name=\"description\" content=\"5. 6. 2015. Jo\u0161ko \u017dani\u0107 (Sveu\u010dili\u0161te u Zadru), &quot;Kognitivni sadr\u017eaj vlastitih imena&quot;\u00a0. 14. 5. 2015. Mariagrazia Portera (Centre for Advanced Studies \u2013\" \/>\n<meta name=\"robots\" content=\"index, follow, max-snippet:-1, max-image-preview:large, max-video-preview:-1\" \/>\n<link rel=\"canonical\" href=\"http:\/\/upf.hr\/en\/activities\/lectures\/\" \/>\n<meta property=\"og:locale\" content=\"en_GB\" \/>\n<meta property=\"og:type\" content=\"article\" \/>\n<meta property=\"og:title\" content=\"Lectures - UPF\" \/>\n<meta property=\"og:description\" content=\"5. 6. 2015. Jo\u0161ko \u017dani\u0107 (Sveu\u010dili\u0161te u Zadru), &quot;Kognitivni sadr\u017eaj vlastitih imena&quot;\u00a0. 14. 5. 2015. Mariagrazia Portera (Centre for Advanced Studies \u2013\" \/>\n<meta property=\"og:url\" content=\"http:\/\/upf.hr\/en\/activities\/lectures\/\" \/>\n<meta property=\"og:site_name\" content=\"UPF\" \/>\n<meta property=\"article:modified_time\" content=\"2016-12-08T09:45:09+00:00\" \/>\n<meta name=\"twitter:card\" content=\"summary_large_image\" \/>\n<meta name=\"twitter:label1\" content=\"Estimated reading time\" \/>\n\t<meta name=\"twitter:data1\" content=\"4 minutes\" \/>\n<script type=\"application\/ld+json\" class=\"yoast-schema-graph\">{\"@context\":\"https:\/\/schema.org\",\"@graph\":[{\"@type\":\"WebPage\",\"@id\":\"http:\/\/upf.hr\/en\/activities\/lectures\/\",\"url\":\"http:\/\/upf.hr\/en\/activities\/lectures\/\",\"name\":\"Lectures - UPF\",\"isPartOf\":{\"@id\":\"http:\/\/upf.hr\/en\/#website\"},\"datePublished\":\"2016-08-14T15:16:40+00:00\",\"dateModified\":\"2016-12-08T09:45:09+00:00\",\"description\":\"5. 6. 2015. Jo\u0161ko \u017dani\u0107 (Sveu\u010dili\u0161te u Zadru), \\\"Kognitivni sadr\u017eaj vlastitih imena\\\"\u00a0. 14. 5. 2015. Mariagrazia Portera (Centre for Advanced Studies \u2013\",\"breadcrumb\":{\"@id\":\"http:\/\/upf.hr\/en\/activities\/lectures\/#breadcrumb\"},\"inLanguage\":\"en-GB\",\"potentialAction\":[{\"@type\":\"ReadAction\",\"target\":[\"http:\/\/upf.hr\/en\/activities\/lectures\/\"]}]},{\"@type\":\"BreadcrumbList\",\"@id\":\"http:\/\/upf.hr\/en\/activities\/lectures\/#breadcrumb\",\"itemListElement\":[{\"@type\":\"ListItem\",\"position\":1,\"name\":\"Home\",\"item\":\"http:\/\/upf.hr\/en\/\"},{\"@type\":\"ListItem\",\"position\":2,\"name\":\"Activities\",\"item\":\"http:\/\/upf.hr\/en\/activities\/\"},{\"@type\":\"ListItem\",\"position\":3,\"name\":\"Lectures\"}]},{\"@type\":\"WebSite\",\"@id\":\"http:\/\/upf.hr\/en\/#website\",\"url\":\"http:\/\/upf.hr\/en\/\",\"name\":\"UPF\",\"description\":\"Society for the Advancement of Philosophy\",\"potentialAction\":[{\"@type\":\"SearchAction\",\"target\":{\"@type\":\"EntryPoint\",\"urlTemplate\":\"http:\/\/upf.hr\/en\/?s={search_term_string}\"},\"query-input\":{\"@type\":\"PropertyValueSpecification\",\"valueRequired\":true,\"valueName\":\"search_term_string\"}}],\"inLanguage\":\"en-GB\"}]}<\/script>\n<!-- \/ Yoast SEO plugin. -->","yoast_head_json":{"title":"Lectures - UPF","description":"5. 6. 2015. Jo\u0161ko \u017dani\u0107 (Sveu\u010dili\u0161te u Zadru), \"Kognitivni sadr\u017eaj vlastitih imena\"\u00a0. 14. 5. 2015. Mariagrazia Portera (Centre for Advanced Studies \u2013","robots":{"index":"index","follow":"follow","max-snippet":"max-snippet:-1","max-image-preview":"max-image-preview:large","max-video-preview":"max-video-preview:-1"},"canonical":"http:\/\/upf.hr\/en\/activities\/lectures\/","og_locale":"en_GB","og_type":"article","og_title":"Lectures - UPF","og_description":"5. 6. 2015. Jo\u0161ko \u017dani\u0107 (Sveu\u010dili\u0161te u Zadru), \"Kognitivni sadr\u017eaj vlastitih imena\"\u00a0. 14. 5. 2015. Mariagrazia Portera (Centre for Advanced Studies \u2013","og_url":"http:\/\/upf.hr\/en\/activities\/lectures\/","og_site_name":"UPF","article_modified_time":"2016-12-08T09:45:09+00:00","twitter_card":"summary_large_image","twitter_misc":{"Estimated reading time":"4 minutes"},"schema":{"@context":"https:\/\/schema.org","@graph":[{"@type":"WebPage","@id":"http:\/\/upf.hr\/en\/activities\/lectures\/","url":"http:\/\/upf.hr\/en\/activities\/lectures\/","name":"Lectures - UPF","isPartOf":{"@id":"http:\/\/upf.hr\/en\/#website"},"datePublished":"2016-08-14T15:16:40+00:00","dateModified":"2016-12-08T09:45:09+00:00","description":"5. 6. 2015. Jo\u0161ko \u017dani\u0107 (Sveu\u010dili\u0161te u Zadru), \"Kognitivni sadr\u017eaj vlastitih imena\"\u00a0. 14. 5. 2015. Mariagrazia Portera (Centre for Advanced Studies \u2013","breadcrumb":{"@id":"http:\/\/upf.hr\/en\/activities\/lectures\/#breadcrumb"},"inLanguage":"en-GB","potentialAction":[{"@type":"ReadAction","target":["http:\/\/upf.hr\/en\/activities\/lectures\/"]}]},{"@type":"BreadcrumbList","@id":"http:\/\/upf.hr\/en\/activities\/lectures\/#breadcrumb","itemListElement":[{"@type":"ListItem","position":1,"name":"Home","item":"http:\/\/upf.hr\/en\/"},{"@type":"ListItem","position":2,"name":"Activities","item":"http:\/\/upf.hr\/en\/activities\/"},{"@type":"ListItem","position":3,"name":"Lectures"}]},{"@type":"WebSite","@id":"http:\/\/upf.hr\/en\/#website","url":"http:\/\/upf.hr\/en\/","name":"UPF","description":"Society for the Advancement of Philosophy","potentialAction":[{"@type":"SearchAction","target":{"@type":"EntryPoint","urlTemplate":"http:\/\/upf.hr\/en\/?s={search_term_string}"},"query-input":{"@type":"PropertyValueSpecification","valueRequired":true,"valueName":"search_term_string"}}],"inLanguage":"en-GB"}]}},"_links":{"self":[{"href":"http:\/\/upf.hr\/en\/wp-json\/wp\/v2\/pages\/198","targetHints":{"allow":["GET"]}}],"collection":[{"href":"http:\/\/upf.hr\/en\/wp-json\/wp\/v2\/pages"}],"about":[{"href":"http:\/\/upf.hr\/en\/wp-json\/wp\/v2\/types\/page"}],"author":[{"embeddable":true,"href":"http:\/\/upf.hr\/en\/wp-json\/wp\/v2\/users\/1"}],"replies":[{"embeddable":true,"href":"http:\/\/upf.hr\/en\/wp-json\/wp\/v2\/comments?post=198"}],"version-history":[{"count":4,"href":"http:\/\/upf.hr\/en\/wp-json\/wp\/v2\/pages\/198\/revisions"}],"predecessor-version":[{"id":680,"href":"http:\/\/upf.hr\/en\/wp-json\/wp\/v2\/pages\/198\/revisions\/680"}],"up":[{"embeddable":true,"href":"http:\/\/upf.hr\/en\/wp-json\/wp\/v2\/pages\/205"}],"wp:attachment":[{"href":"http:\/\/upf.hr\/en\/wp-json\/wp\/v2\/media?parent=198"}],"curies":[{"name":"wp","href":"https:\/\/api.w.org\/{rel}","templated":true}]}}