{"id":196,"date":"2016-08-14T17:16:08","date_gmt":"2016-08-14T15:16:08","guid":{"rendered":"http:\/\/upf.wink.hr\/?page_id=196"},"modified":"2016-09-13T14:36:58","modified_gmt":"2016-09-13T12:36:58","slug":"book-presentations","status":"publish","type":"page","link":"http:\/\/upf.hr\/en\/activities\/book-presentations\/","title":{"rendered":"Book presentations"},"content":{"rendered":"<ul>\n<li style=\"text-align: justify;\">19. 10. 2005. Peter Singer, <em>Jedan svijet: etika globalizacije<\/em>. Participants: Predrag Bejakovi\u0107, Ana-Maria Boromisa, Neven Petrovi\u0107 and Tomislav Janovi\u0107.<\/li>\n<\/ul>\n<ul>\n<li style=\"text-align: justify;\">16. 06. 2005. Tihomir Vukelja: <em>Nesjedinljivo znanje: Bohrov doprinos filozofskoj teoriji spoznaje.<\/em> Sudjelovali: Boris Ko\u017enjak and Tihomir Vukelja.<\/li>\n<\/ul>\n<ul>\n<li style=\"text-align: justify;\">27. 04. 2005. Kristijan Krka\u010d: <em>Wittgensteinov pragmatizam.<\/em> Participants: Jure Zovko, Davor Pe\u0107njak, Antun Klipa and Kristijan Krka\u010d.<\/li>\n<\/ul>\n<ul>\n<li style=\"text-align: justify;\">7. 02. 2005. Josip Hrgovi\u0107 and Darko Pol\u0161ek (eds.): <em>Evolucija dru\u0161tvenosti.<\/em> Participants: Josip Hrgovi\u0107, Darko Pol\u0161ek, Ognjen Strpi\u0107 and Tomislav Bracanovi\u0107.<\/li>\n<\/ul>\n<ul>\n<li style=\"text-align: justify;\">22. 01. 2004. Giovanni Boniolo:<em> Il limite e il ribelle: Etica, naturalismo, darwinismo<\/em>. Participants: Elvio Baccarini, Boran Ber\u010di\u0107 and Giovanni Boniolo.<\/li>\n<\/ul>\n<ul>\n<li style=\"text-align: justify;\">11. 03. 2003.&nbsp; Platon, <em>Parmenid<\/em>. Participants: Damir Barbari\u0107, Branko Despot, Dimitrije Savi\u0107 and Petar \u0160egedin.<\/li>\n<\/ul>\n<ul>\n<li style=\"text-align: justify;\">25. 11. 2002. Elvio Baccarini, <em>Bioetika<\/em>. Participants: Elvio Baccarini, Snje\u017eana Priji\u0107-Samar\u017eija, Predrag \u0160ustar and Josip Talanga.<\/li>\n<\/ul>\n<ul>\n<li style=\"text-align: justify;\">08. 05. 2002. Boran Ber\u010di\u0107, <em>Filozofija Be\u010dkog kruga.<\/em> Participants: Boran Ber\u010di\u0107, Nenad Mi\u0161\u010devi\u0107 and Davor Pe\u0107njak.<\/li>\n<\/ul>\n<ul>\n<li style=\"text-align: justify;\">27. 03. 2002. <em>Filozofija okom izdava\u010da.<\/em> Participants: Damir Barbari\u0107, Dimitrije Savi\u0107 and Kruno Zakarija.<\/li>\n<\/ul>\n<ul>\n<li style=\"text-align: justify;\">14. 02. 2002. William James, <em>Pragmatizam.<\/em> Participants: Petar Bezinovi\u0107, Tomislav Bracanovi\u0107, Tomislav Janovi\u0107 and Davor Pe\u0107njak.<\/li>\n<\/ul>\n<ul>\n<li style=\"text-align: justify;\">17. 01. 2002. Ivan \u010cehok and Filip Grgi\u0107, <em>Filozofija.<\/em> Participants: Vesna Batovanja, Ivan \u010cehok, \u0106iril \u010coh, Filip Grgi\u0107, Dubravka Kozina, Davor Pe\u0107njak and Josip Talanga.<\/li>\n<\/ul>\n","protected":false},"excerpt":{"rendered":"<p>19. 10. 2005. Peter Singer, Jedan svijet: etika globalizacije. Participants: Predrag Bejakovi\u0107, Ana-Maria Boromisa, Neven Petrovi\u0107 and Tomislav Janovi\u0107. 16. 06. 2005. Tihomir Vukelja: Nesjedinljivo znanje: Bohrov doprinos filozofskoj teoriji spoznaje. Sudjelovali: Boris Ko\u017enjak and Tihomir Vukelja. 27. 04. 2005. Kristijan Krka\u010d: &hellip;<\/p>\n","protected":false},"author":1,"featured_media":0,"parent":205,"menu_order":0,"comment_status":"closed","ping_status":"closed","template":"","meta":{"_acf_changed":false,"footnotes":""},"class_list":["post-196","page","type-page","status-publish","hentry"],"acf":[],"yoast_head":"<!-- This site is optimized with the Yoast SEO plugin v27.2 - https:\/\/yoast.com\/product\/yoast-seo-wordpress\/ -->\n<title>Book presentations - UPF<\/title>\n<meta name=\"description\" content=\"19. 10. 2005. Peter Singer, Jedan svijet: etika globalizacije. Participants: Predrag Bejakovi\u0107, Ana-Maria Boromisa, Neven Petrovi\u0107 and Tomislav Janovi\u0107.\" \/>\n<meta name=\"robots\" content=\"index, follow, max-snippet:-1, max-image-preview:large, max-video-preview:-1\" \/>\n<link rel=\"canonical\" href=\"https:\/\/upf.hr\/en\/activities\/book-presentations\/\" \/>\n<meta property=\"og:locale\" content=\"en_GB\" \/>\n<meta property=\"og:type\" content=\"article\" \/>\n<meta property=\"og:title\" content=\"Book presentations - UPF\" \/>\n<meta property=\"og:description\" content=\"19. 10. 2005. Peter Singer, Jedan svijet: etika globalizacije. Participants: Predrag Bejakovi\u0107, Ana-Maria Boromisa, Neven Petrovi\u0107 and Tomislav Janovi\u0107.\" \/>\n<meta property=\"og:url\" content=\"https:\/\/upf.hr\/en\/activities\/book-presentations\/\" \/>\n<meta property=\"og:site_name\" content=\"UPF\" \/>\n<meta property=\"article:modified_time\" content=\"2016-09-13T12:36:58+00:00\" \/>\n<meta name=\"twitter:card\" content=\"summary_large_image\" \/>\n<meta name=\"twitter:label1\" content=\"Estimated reading time\" \/>\n\t<meta name=\"twitter:data1\" content=\"1 minute\" \/>\n<script type=\"application\/ld+json\" class=\"yoast-schema-graph\">{\"@context\":\"https:\/\/schema.org\",\"@graph\":[{\"@type\":\"WebPage\",\"@id\":\"https:\/\/upf.hr\/en\/activities\/book-presentations\/\",\"url\":\"https:\/\/upf.hr\/en\/activities\/book-presentations\/\",\"name\":\"Book presentations - UPF\",\"isPartOf\":{\"@id\":\"http:\/\/upf.hr\/en\/#website\"},\"datePublished\":\"2016-08-14T15:16:08+00:00\",\"dateModified\":\"2016-09-13T12:36:58+00:00\",\"description\":\"19. 10. 2005. Peter Singer, Jedan svijet: etika globalizacije. Participants: Predrag Bejakovi\u0107, Ana-Maria Boromisa, Neven Petrovi\u0107 and Tomislav Janovi\u0107.\",\"breadcrumb\":{\"@id\":\"https:\/\/upf.hr\/en\/activities\/book-presentations\/#breadcrumb\"},\"inLanguage\":\"en-GB\",\"potentialAction\":[{\"@type\":\"ReadAction\",\"target\":[\"https:\/\/upf.hr\/en\/activities\/book-presentations\/\"]}]},{\"@type\":\"BreadcrumbList\",\"@id\":\"https:\/\/upf.hr\/en\/activities\/book-presentations\/#breadcrumb\",\"itemListElement\":[{\"@type\":\"ListItem\",\"position\":1,\"name\":\"Home\",\"item\":\"http:\/\/upf.hr\/en\/\"},{\"@type\":\"ListItem\",\"position\":2,\"name\":\"Activities\",\"item\":\"http:\/\/upf.hr\/en\/activities\/\"},{\"@type\":\"ListItem\",\"position\":3,\"name\":\"Book presentations\"}]},{\"@type\":\"WebSite\",\"@id\":\"http:\/\/upf.hr\/en\/#website\",\"url\":\"http:\/\/upf.hr\/en\/\",\"name\":\"UPF\",\"description\":\"Society for the Advancement of Philosophy\",\"potentialAction\":[{\"@type\":\"SearchAction\",\"target\":{\"@type\":\"EntryPoint\",\"urlTemplate\":\"http:\/\/upf.hr\/en\/?s={search_term_string}\"},\"query-input\":{\"@type\":\"PropertyValueSpecification\",\"valueRequired\":true,\"valueName\":\"search_term_string\"}}],\"inLanguage\":\"en-GB\"}]}<\/script>\n<!-- \/ Yoast SEO plugin. -->","yoast_head_json":{"title":"Book presentations - UPF","description":"19. 10. 2005. Peter Singer, Jedan svijet: etika globalizacije. Participants: Predrag Bejakovi\u0107, Ana-Maria Boromisa, Neven Petrovi\u0107 and Tomislav Janovi\u0107.","robots":{"index":"index","follow":"follow","max-snippet":"max-snippet:-1","max-image-preview":"max-image-preview:large","max-video-preview":"max-video-preview:-1"},"canonical":"https:\/\/upf.hr\/en\/activities\/book-presentations\/","og_locale":"en_GB","og_type":"article","og_title":"Book presentations - UPF","og_description":"19. 10. 2005. Peter Singer, Jedan svijet: etika globalizacije. Participants: Predrag Bejakovi\u0107, Ana-Maria Boromisa, Neven Petrovi\u0107 and Tomislav Janovi\u0107.","og_url":"https:\/\/upf.hr\/en\/activities\/book-presentations\/","og_site_name":"UPF","article_modified_time":"2016-09-13T12:36:58+00:00","twitter_card":"summary_large_image","twitter_misc":{"Estimated reading time":"1 minute"},"schema":{"@context":"https:\/\/schema.org","@graph":[{"@type":"WebPage","@id":"https:\/\/upf.hr\/en\/activities\/book-presentations\/","url":"https:\/\/upf.hr\/en\/activities\/book-presentations\/","name":"Book presentations - UPF","isPartOf":{"@id":"http:\/\/upf.hr\/en\/#website"},"datePublished":"2016-08-14T15:16:08+00:00","dateModified":"2016-09-13T12:36:58+00:00","description":"19. 10. 2005. Peter Singer, Jedan svijet: etika globalizacije. Participants: Predrag Bejakovi\u0107, Ana-Maria Boromisa, Neven Petrovi\u0107 and Tomislav Janovi\u0107.","breadcrumb":{"@id":"https:\/\/upf.hr\/en\/activities\/book-presentations\/#breadcrumb"},"inLanguage":"en-GB","potentialAction":[{"@type":"ReadAction","target":["https:\/\/upf.hr\/en\/activities\/book-presentations\/"]}]},{"@type":"BreadcrumbList","@id":"https:\/\/upf.hr\/en\/activities\/book-presentations\/#breadcrumb","itemListElement":[{"@type":"ListItem","position":1,"name":"Home","item":"http:\/\/upf.hr\/en\/"},{"@type":"ListItem","position":2,"name":"Activities","item":"http:\/\/upf.hr\/en\/activities\/"},{"@type":"ListItem","position":3,"name":"Book presentations"}]},{"@type":"WebSite","@id":"http:\/\/upf.hr\/en\/#website","url":"http:\/\/upf.hr\/en\/","name":"UPF","description":"Society for the Advancement of Philosophy","potentialAction":[{"@type":"SearchAction","target":{"@type":"EntryPoint","urlTemplate":"http:\/\/upf.hr\/en\/?s={search_term_string}"},"query-input":{"@type":"PropertyValueSpecification","valueRequired":true,"valueName":"search_term_string"}}],"inLanguage":"en-GB"}]}},"_links":{"self":[{"href":"http:\/\/upf.hr\/en\/wp-json\/wp\/v2\/pages\/196","targetHints":{"allow":["GET"]}}],"collection":[{"href":"http:\/\/upf.hr\/en\/wp-json\/wp\/v2\/pages"}],"about":[{"href":"http:\/\/upf.hr\/en\/wp-json\/wp\/v2\/types\/page"}],"author":[{"embeddable":true,"href":"http:\/\/upf.hr\/en\/wp-json\/wp\/v2\/users\/1"}],"replies":[{"embeddable":true,"href":"http:\/\/upf.hr\/en\/wp-json\/wp\/v2\/comments?post=196"}],"version-history":[{"count":2,"href":"http:\/\/upf.hr\/en\/wp-json\/wp\/v2\/pages\/196\/revisions"}],"predecessor-version":[{"id":572,"href":"http:\/\/upf.hr\/en\/wp-json\/wp\/v2\/pages\/196\/revisions\/572"}],"up":[{"embeddable":true,"href":"http:\/\/upf.hr\/en\/wp-json\/wp\/v2\/pages\/205"}],"wp:attachment":[{"href":"http:\/\/upf.hr\/en\/wp-json\/wp\/v2\/media?parent=196"}],"curies":[{"name":"wp","href":"https:\/\/api.w.org\/{rel}","templated":true}]}}