{"id":168,"date":"2016-08-14T17:08:07","date_gmt":"2016-08-14T15:08:07","guid":{"rendered":"http:\/\/upf.wink.hr\/?page_id=168"},"modified":"2019-01-26T21:36:52","modified_gmt":"2019-01-26T20:36:52","slug":"steering-committee","status":"publish","type":"page","link":"http:\/\/upf.hr\/en\/steering-committee\/","title":{"rendered":"Steering Committee"},"content":{"rendered":"<p><strong>STEERING COMMITTEE (2019-2020)<\/strong><\/p>\n<p><a href=\"https:\/\/www.ifzg.hr\/djelatnici\/jolic-zivotopis\/\"><strong>Dr. sc. Tvrtko Joli\u0107 <\/strong><\/a>(research associate, Institute of Philosophy, Zagreb),\u00a0president<br \/>\n<strong><a href=\"https:\/\/www.ifzg.hr\/djelatnici\/bracanovic-zivotopis\/\">Dr. sc. Tomislav Bracanovi\u0107\u00a0<\/a><\/strong>(research associate, Institute of Philosophy, Zagreb), vice president<br \/>\n<strong>Antea An\u0111eli\u0107, mag. phil.\u00a0<\/strong>(Zagreb), secretary<br \/>\n<strong>Dr. sc. Ana Butkovi\u0107<\/strong>\u00a0(Zagreb)<br \/>\n<a href=\"https:\/\/portal.uniri.hr\/portfelj\/933\" target=\"_blank\" rel=\"noopener\"><strong>Dr. sc. Ana Gavran Milo\u0161<\/strong><\/a> (Faculty of Humanities and Social Sciences, University of Rijeka)<\/p>\n<p><strong>STEERING COMMITTEE (2017-2018)<\/strong><\/p>\n<p><strong><a href=\"https:\/\/www.hrstud.unizg.hr\/djelatnik\/tomislav.janovic\" target=\"_blank\" rel=\"noopener\">Dr. Tomislav Janovi\u0107<\/a> <\/strong>(University of Zagreb &#8211; Center for Croatian Studies),\u00a0president<br \/>\n<strong><a href=\"https:\/\/www.hrstud.unizg.hr\/djelatnik\/pavel.gregoric\" target=\"_blank\" rel=\"noopener\">Dr. Pavel Gregori\u0107\u00a0<\/a><\/strong>(University of Zagreb &#8211; Center for Croatian Studies),\u00a0vice president<br \/>\n<strong><a href=\"http:\/\/upf.hr\/en\/wp-content\/uploads\/2016\/08\/cv-lukic-hr-1.pdf\">Mihovil Luki\u0107<\/a>\u00a0<\/strong>(PhD. student, University of Zagreb &#8211; Center for Croatian Studies),\u00a0secretary<br \/>\n<a href=\"http:\/\/upf.hr\/en\/wp-content\/uploads\/2016\/08\/cv-pusic-bruno-new.pdf\"><strong>Dr. Bruno Pu\u0161i\u0107<\/strong> <\/a>(University of Zagreb &#8211; Center for Croatian Studies)<br \/>\n<a href=\"https:\/\/portal.uniri.hr\/portfelj\/933\" target=\"_blank\" rel=\"noopener\"><strong>Dr. Ana Gavran Milo\u0161<\/strong><\/a> (Faculty of Humanities and Social Sciences, University of Rijeka)<\/p>\n<p><strong>STEERING COMMITTEE (2013-2014 \/ 2015-2016)<\/strong><\/p>\n<p><a href=\"http:\/\/www.ifzg.hr\/pecnjakDavorZivotopis.htm\" target=\"_blank\" rel=\"noopener\"><strong>Dr. Davor Pe\u0107njak<\/strong><\/a> (senior research scientist, Institute of Philosophy, Zagreb), president<br \/>\n<a href=\"http:\/\/www.ifzg.hr\/jolicTvrtkoZivotopis.htm\"><strong>Dr. Tvrtko Joli\u0107<\/strong> <\/a>(research associate, Institute of Philosophy, Zagreb), vice president<br \/>\n<a href=\"https:\/\/www.hrstud.unizg.hr\/djelatnik\/dusan.dozudic\" target=\"_blank\" rel=\"noopener\"><strong>Dr. Du\u0161an Do\u017eudi\u0107<\/strong><\/a> (postdoctoral researcher, University of Zagreb, Croatian Studies), secretary<br \/>\n<a href=\"https:\/\/www.hrstud.unizg.hr\/djelatnik\/tomislav.bracanovic\" target=\"_blank\" rel=\"noopener\"><strong>Dr. Tomislav Bracanovi\u0107<\/strong><\/a> (associate professor, University of Zagreb, Croatian Studies)<br \/>\n<a href=\"https:\/\/www.hrstud.unizg.hr\/djelatnik\/fil\/ana.butkovic\"><strong>Dr. Ana Butkovi\u0107<\/strong><\/a> (postdoctoral researcher, University of Zagreb, Croatian Studies)<\/p>\n<p><strong>STEERING COMMITTEE (2009-2010 \/ 2011-2012)<\/strong><\/p>\n<p><strong>Dr. Josip Talanga <\/strong>(professor, University of Zagreb, Croatian Studies), president<br \/>\n<strong>Dr. Tomislav Janovi\u0107 <\/strong>(assistant professor, University of Zagreb, Croatian Studies), vice president<br \/>\n<strong>Dragana Sekuli\u0107, MA <\/strong>(assistant, University of Zagreb, Croatian Studies), secretary<br \/>\n<strong>Dr. Stipe Kutle\u0161a <\/strong>(research associate, Institute of Philosophy, Zagreb)<br \/>\n<strong>Dr. Neven Sesardi\u0107 <\/strong>(professor, Lingnan University, Hong Kong)<\/p>\n<p><strong>STEERING COMMITTEE (2005-2006 \/ 2007-2008)<\/strong><\/p>\n<p><strong>Dr. Davor Pe\u0107njak<\/strong> (senior research scientist, Institute of Philosophy, Zagreb), president<br \/>\n<strong>Dr. Tomislav Bracanovi\u0107<\/strong> (senior assistant, University of Zagreb, Croatian Studies), vice president<br \/>\n<strong>Tvrtko Joli\u0107<\/strong> (research fellow, Institute of Philosophy, Zagreb), secretary<br \/>\n<strong>Lovorka Ma\u0111arevi\u0107<\/strong> (research fellow, University of Zagreb, Croatian Studies)<br \/>\n<strong>Boris Ko\u017enjak<\/strong> (research fellow, Faculty of Science, University of Zagreb)<\/p>\n<p><strong>STEERING COMMITTEE (2001-2002 \/ 2003-2004)<\/strong><\/p>\n<p><strong>Dr. Damir Barbari\u0107 <\/strong>(senior research scientist, Institute of Philosophy, Zagreb), president<br \/>\n<strong>Dr. Ivan Koprek <\/strong>(professor, Philosophical Faculty of the Society of Jesus, Zagreb), vice president<br \/>\n<strong>Marinko \u0160i\u0161ak<\/strong> (University of Zagreb, Croatian Studies), secretary<br \/>\n<strong>Dr. Davor Pe\u0107njak<\/strong> (research associate, Institute of Philosophy, Zagreb)<br \/>\n<strong>Tomislav Bracanovi\u0107<\/strong> (assistant, University of Zagreb, Croatian Studies)<\/p>\n","protected":false},"excerpt":{"rendered":"<p>STEERING COMMITTEE (2019-2020) Dr. sc. Tvrtko Joli\u0107 (research associate, Institute of Philosophy, Zagreb),\u00a0president Dr. sc. Tomislav Bracanovi\u0107\u00a0(research associate, Institute of Philosophy, Zagreb), vice president Antea An\u0111eli\u0107, mag. phil.\u00a0(Zagreb), secretary Dr. sc. Ana Butkovi\u0107\u00a0(Zagreb) Dr. sc. Ana Gavran Milo\u0161 (Faculty of Humanities and &hellip;<\/p>\n","protected":false},"author":1,"featured_media":0,"parent":0,"menu_order":0,"comment_status":"closed","ping_status":"closed","template":"","meta":{"_acf_changed":false,"footnotes":""},"class_list":["post-168","page","type-page","status-publish","hentry"],"acf":[],"yoast_head":"<!-- This site is optimized with the Yoast SEO plugin v27.2 - https:\/\/yoast.com\/product\/yoast-seo-wordpress\/ -->\n<title>Steering Committee - UPF<\/title>\n<meta name=\"description\" content=\"STEERING COMMITTEE (2019-2020) Dr. sc. Tvrtko Joli\u0107 (research associate, Institute of Philosophy, Zagreb),\u00a0president Dr. sc. Tomislav Bracanovi\u0107\u00a0(research\" \/>\n<meta name=\"robots\" content=\"index, follow, max-snippet:-1, max-image-preview:large, max-video-preview:-1\" \/>\n<link rel=\"canonical\" href=\"https:\/\/upf.hr\/en\/steering-committee\/\" \/>\n<meta property=\"og:locale\" content=\"en_GB\" \/>\n<meta property=\"og:type\" content=\"article\" \/>\n<meta property=\"og:title\" content=\"Steering Committee - UPF\" \/>\n<meta property=\"og:description\" content=\"STEERING COMMITTEE (2019-2020) Dr. sc. Tvrtko Joli\u0107 (research associate, Institute of Philosophy, Zagreb),\u00a0president Dr. sc. Tomislav Bracanovi\u0107\u00a0(research\" \/>\n<meta property=\"og:url\" content=\"https:\/\/upf.hr\/en\/steering-committee\/\" \/>\n<meta property=\"og:site_name\" content=\"UPF\" \/>\n<meta property=\"article:modified_time\" content=\"2019-01-26T20:36:52+00:00\" \/>\n<meta name=\"twitter:card\" content=\"summary_large_image\" \/>\n<meta name=\"twitter:label1\" content=\"Estimated reading time\" \/>\n\t<meta name=\"twitter:data1\" content=\"2 minutes\" \/>\n<script type=\"application\/ld+json\" class=\"yoast-schema-graph\">{\"@context\":\"https:\/\/schema.org\",\"@graph\":[{\"@type\":\"WebPage\",\"@id\":\"https:\/\/upf.hr\/en\/steering-committee\/\",\"url\":\"https:\/\/upf.hr\/en\/steering-committee\/\",\"name\":\"Steering Committee - UPF\",\"isPartOf\":{\"@id\":\"http:\/\/upf.hr\/en\/#website\"},\"datePublished\":\"2016-08-14T15:08:07+00:00\",\"dateModified\":\"2019-01-26T20:36:52+00:00\",\"description\":\"STEERING COMMITTEE (2019-2020) Dr. sc. Tvrtko Joli\u0107 (research associate, Institute of Philosophy, Zagreb),\u00a0president Dr. sc. Tomislav Bracanovi\u0107\u00a0(research\",\"breadcrumb\":{\"@id\":\"https:\/\/upf.hr\/en\/steering-committee\/#breadcrumb\"},\"inLanguage\":\"en-GB\",\"potentialAction\":[{\"@type\":\"ReadAction\",\"target\":[\"https:\/\/upf.hr\/en\/steering-committee\/\"]}]},{\"@type\":\"BreadcrumbList\",\"@id\":\"https:\/\/upf.hr\/en\/steering-committee\/#breadcrumb\",\"itemListElement\":[{\"@type\":\"ListItem\",\"position\":1,\"name\":\"Home\",\"item\":\"http:\/\/upf.hr\/en\/\"},{\"@type\":\"ListItem\",\"position\":2,\"name\":\"Steering Committee\"}]},{\"@type\":\"WebSite\",\"@id\":\"http:\/\/upf.hr\/en\/#website\",\"url\":\"http:\/\/upf.hr\/en\/\",\"name\":\"UPF\",\"description\":\"Society for the Advancement of Philosophy\",\"potentialAction\":[{\"@type\":\"SearchAction\",\"target\":{\"@type\":\"EntryPoint\",\"urlTemplate\":\"http:\/\/upf.hr\/en\/?s={search_term_string}\"},\"query-input\":{\"@type\":\"PropertyValueSpecification\",\"valueRequired\":true,\"valueName\":\"search_term_string\"}}],\"inLanguage\":\"en-GB\"}]}<\/script>\n<!-- \/ Yoast SEO plugin. -->","yoast_head_json":{"title":"Steering Committee - UPF","description":"STEERING COMMITTEE (2019-2020) Dr. sc. Tvrtko Joli\u0107 (research associate, Institute of Philosophy, Zagreb),\u00a0president Dr. sc. Tomislav Bracanovi\u0107\u00a0(research","robots":{"index":"index","follow":"follow","max-snippet":"max-snippet:-1","max-image-preview":"max-image-preview:large","max-video-preview":"max-video-preview:-1"},"canonical":"https:\/\/upf.hr\/en\/steering-committee\/","og_locale":"en_GB","og_type":"article","og_title":"Steering Committee - UPF","og_description":"STEERING COMMITTEE (2019-2020) Dr. sc. Tvrtko Joli\u0107 (research associate, Institute of Philosophy, Zagreb),\u00a0president Dr. sc. Tomislav Bracanovi\u0107\u00a0(research","og_url":"https:\/\/upf.hr\/en\/steering-committee\/","og_site_name":"UPF","article_modified_time":"2019-01-26T20:36:52+00:00","twitter_card":"summary_large_image","twitter_misc":{"Estimated reading time":"2 minutes"},"schema":{"@context":"https:\/\/schema.org","@graph":[{"@type":"WebPage","@id":"https:\/\/upf.hr\/en\/steering-committee\/","url":"https:\/\/upf.hr\/en\/steering-committee\/","name":"Steering Committee - UPF","isPartOf":{"@id":"http:\/\/upf.hr\/en\/#website"},"datePublished":"2016-08-14T15:08:07+00:00","dateModified":"2019-01-26T20:36:52+00:00","description":"STEERING COMMITTEE (2019-2020) Dr. sc. Tvrtko Joli\u0107 (research associate, Institute of Philosophy, Zagreb),\u00a0president Dr. sc. Tomislav Bracanovi\u0107\u00a0(research","breadcrumb":{"@id":"https:\/\/upf.hr\/en\/steering-committee\/#breadcrumb"},"inLanguage":"en-GB","potentialAction":[{"@type":"ReadAction","target":["https:\/\/upf.hr\/en\/steering-committee\/"]}]},{"@type":"BreadcrumbList","@id":"https:\/\/upf.hr\/en\/steering-committee\/#breadcrumb","itemListElement":[{"@type":"ListItem","position":1,"name":"Home","item":"http:\/\/upf.hr\/en\/"},{"@type":"ListItem","position":2,"name":"Steering Committee"}]},{"@type":"WebSite","@id":"http:\/\/upf.hr\/en\/#website","url":"http:\/\/upf.hr\/en\/","name":"UPF","description":"Society for the Advancement of Philosophy","potentialAction":[{"@type":"SearchAction","target":{"@type":"EntryPoint","urlTemplate":"http:\/\/upf.hr\/en\/?s={search_term_string}"},"query-input":{"@type":"PropertyValueSpecification","valueRequired":true,"valueName":"search_term_string"}}],"inLanguage":"en-GB"}]}},"_links":{"self":[{"href":"http:\/\/upf.hr\/en\/wp-json\/wp\/v2\/pages\/168","targetHints":{"allow":["GET"]}}],"collection":[{"href":"http:\/\/upf.hr\/en\/wp-json\/wp\/v2\/pages"}],"about":[{"href":"http:\/\/upf.hr\/en\/wp-json\/wp\/v2\/types\/page"}],"author":[{"embeddable":true,"href":"http:\/\/upf.hr\/en\/wp-json\/wp\/v2\/users\/1"}],"replies":[{"embeddable":true,"href":"http:\/\/upf.hr\/en\/wp-json\/wp\/v2\/comments?post=168"}],"version-history":[{"count":5,"href":"http:\/\/upf.hr\/en\/wp-json\/wp\/v2\/pages\/168\/revisions"}],"predecessor-version":[{"id":1035,"href":"http:\/\/upf.hr\/en\/wp-json\/wp\/v2\/pages\/168\/revisions\/1035"}],"wp:attachment":[{"href":"http:\/\/upf.hr\/en\/wp-json\/wp\/v2\/media?parent=168"}],"curies":[{"name":"wp","href":"https:\/\/api.w.org\/{rel}","templated":true}]}}